{"id":67855,"date":"2022-09-10T04:53:11","date_gmt":"2022-09-10T02:53:11","guid":{"rendered":"https:\/\/lareiras.es\/articulos\/"},"modified":"2022-09-10T05:16:59","modified_gmt":"2022-09-10T03:16:59","slug":"artigos","status":"publish","type":"page","link":"https:\/\/lareiras.gal\/gl\/artigos\/","title":{"rendered":"Artigos"},"content":{"rendered":"\n<div class=\"wp-block-toolset-blocks-container tb-container\" data-toolset-blocks-container=\"ed3832aa6201cbec5b1e5b902dc067e2\"><div class=\"wpv-view-output\" data-toolset-views-view-editor=\"cde127984b5a634ec5a0d34dfaf641ac\"><div class=\"wp-block-toolset-views-view-editor\"><div id=\"wpv-view-layout-67846\" class=\"js-wpv-view-layout js-wpv-layout-responsive js-wpv-view-layout-67846 wpv-pagination js-wpv-layout-has-pagination wpv-pagination-preload-images js-wpv-layout-preload-images wpv-pagination-preload-pages js-wpv-layout-preload-pages\" style=\"visibility:hidden;\" data-viewnumber=\"67846\" data-pagination=\"{&quot;id&quot;:67846,&quot;query&quot;:&quot;normal&quot;,&quot;type&quot;:&quot;ajaxed&quot;,&quot;effect&quot;:&quot;fade&quot;,&quot;duration&quot;:500,&quot;speed&quot;:5,&quot;pause_on_hover&quot;:&quot;disabled&quot;,&quot;stop_rollover&quot;:&quot;false&quot;,&quot;cache_pages&quot;:&quot;enabled&quot;,&quot;preload_images&quot;:&quot;enabled&quot;,&quot;preload_pages&quot;:&quot;enabled&quot;,&quot;preload_reach&quot;:1,&quot;spinner&quot;:&quot;builtin&quot;,&quot;spinner_image&quot;:&quot;https:\/\/lareiras.gal\/wp-content\/plugins\/toolset-blocks\/embedded\/res\/img\/ajax-loader.svg&quot;,&quot;callback_next&quot;:&quot;&quot;,&quot;manage_history&quot;:&quot;enabled&quot;,&quot;has_controls_in_form&quot;:&quot;disabled&quot;,&quot;infinite_tolerance&quot;:&quot;0&quot;,&quot;max_pages&quot;:2,&quot;page&quot;:1,&quot;base_permalink&quot;:&quot;\/gl\/wp-json\/wp\/v2\/pages\/67855?wpv_view_count=67846&amp;wpv_paged=WPV_PAGE_NUM&quot;,&quot;loop&quot;:{&quot;type&quot;:&quot;&quot;,&quot;name&quot;:&quot;&quot;,&quot;data&quot;:[],&quot;id&quot;:0}}\" data-permalink=\"\/gl\/wp-json\/wp\/v2\/pages\/67855?wpv_view_count=67846\">\n\n<div class=\"js-wpv-loop-wrapper\"><div class=\"tb-grid\"><div class=\"tb-grid-column\">\n\n<div class=\"wp-block-toolset-views-view-template-block wpv-block-loop-item php-to-be-replaced-with-shortcode\" data-toolset-views-view-template-block=\"d673d7ba92a56cf2c1d7356bbdbddfc8\"><div class=\"wp-block-image\">\n<figure class=\" tb-image tb-image-dynamic tb-image-frame-none aligncenter\" data-toolset-blocks-image=\"131c72b3396835830c15c71f9ebe16ef\"><a href=\"https:\/\/lareiras.gal\/gl\/casa-ruso-de-ons\/\"><img decoding=\"async\" width=\"300\" height=\"225\" loading=\"lazy\" src=\"https:\/\/lareiras.gal\/wp-content\/uploads\/2022\/09\/CRuso-Polo-300x225.webp\" alt=\"Casa Ruso de Ons\" class=\"wp-image-67669\" srcset=\"https:\/\/lareiras.gal\/wp-content\/uploads\/2022\/09\/CRuso-Polo-300x225.webp 300w, https:\/\/lareiras.gal\/wp-content\/uploads\/2022\/09\/CRuso-Polo-768x576.webp 768w, https:\/\/lareiras.gal\/wp-content\/uploads\/2022\/09\/CRuso-Polo-500x375.webp 500w, https:\/\/lareiras.gal\/wp-content\/uploads\/2022\/09\/CRuso-Polo.webp 1008w\" sizes=\"auto, (max-width: 300px) 100vw, 300px\" \/><\/a><\/figure>\n<\/div>\n\n\n<div class=\"tb-field aligncenter\" data-toolset-blocks-field=\"50009feda73981c50c640908bfd2ae52\" data-last-update=\"1.4\"><a href=\"https:\/\/lareiras.gal\/gl\/casa-ruso-de-ons\/\">Casa Ruso de Ons<\/a><\/div>\n<\/div>\n\n<\/div><div class=\"tb-grid-column\">\n\n<div class=\"wp-block-toolset-views-view-template-block wpv-block-loop-item php-to-be-replaced-with-shortcode\" data-toolset-views-view-template-block=\"d673d7ba92a56cf2c1d7356bbdbddfc8\"><div class=\"wp-block-image\">\n<figure class=\" tb-image tb-image-dynamic tb-image-frame-none aligncenter\" data-toolset-blocks-image=\"131c72b3396835830c15c71f9ebe16ef\"><a href=\"https:\/\/lareiras.gal\/gl\/ruta-do-cocido-ii-a-de-rafael-2\/\"><img decoding=\"async\" width=\"250\" height=\"300\" loading=\"lazy\" src=\"https:\/\/lareiras.gal\/wp-content\/uploads\/2022\/09\/cocido-aderafael-00-250x300.webp\" alt=\"A de Rafael - Men\u00fa\" class=\"wp-image-67663\" srcset=\"https:\/\/lareiras.gal\/wp-content\/uploads\/2022\/09\/cocido-aderafael-00-250x300.webp 250w, https:\/\/lareiras.gal\/wp-content\/uploads\/2022\/09\/cocido-aderafael-00-768x920.webp 768w, https:\/\/lareiras.gal\/wp-content\/uploads\/2022\/09\/cocido-aderafael-00.webp 787w\" sizes=\"auto, (max-width: 250px) 100vw, 250px\" \/><\/a><\/figure>\n<\/div>\n\n\n<div class=\"tb-field aligncenter\" data-toolset-blocks-field=\"50009feda73981c50c640908bfd2ae52\" data-last-update=\"1.4\"><a href=\"https:\/\/lareiras.gal\/gl\/ruta-do-cocido-ii-a-de-rafael-2\/\">Ruta do Cocido II &#8211; A de Rafael<\/a><\/div>\n<\/div>\n\n<\/div><div class=\"tb-grid-column\">\n\n<div class=\"wp-block-toolset-views-view-template-block wpv-block-loop-item php-to-be-replaced-with-shortcode\" data-toolset-views-view-template-block=\"d673d7ba92a56cf2c1d7356bbdbddfc8\"><div class=\"wp-block-image\">\n<figure class=\" tb-image tb-image-dynamic tb-image-frame-none aligncenter\" data-toolset-blocks-image=\"131c72b3396835830c15c71f9ebe16ef\"><a href=\"https:\/\/lareiras.gal\/gl\/ruta-do-cocido-i-casa-ruso-2\/\"><img decoding=\"async\" width=\"300\" height=\"203\" loading=\"lazy\" src=\"https:\/\/lareiras.gal\/wp-content\/uploads\/2022\/09\/cocido-casaruso-06-300x203.webp\" alt=\"Casa Ruso - Cocido\" class=\"wp-image-67666\" srcset=\"https:\/\/lareiras.gal\/wp-content\/uploads\/2022\/09\/cocido-casaruso-06-300x203.webp 300w, https:\/\/lareiras.gal\/wp-content\/uploads\/2022\/09\/cocido-casaruso-06.webp 500w\" sizes=\"auto, (max-width: 300px) 100vw, 300px\" \/><\/a><\/figure>\n<\/div>\n\n\n<div class=\"tb-field aligncenter\" data-toolset-blocks-field=\"50009feda73981c50c640908bfd2ae52\" data-last-update=\"1.4\"><a href=\"https:\/\/lareiras.gal\/gl\/ruta-do-cocido-i-casa-ruso-2\/\">Ruta do Cocido I &#8211; Casa Ruso<\/a><\/div>\n<\/div>\n\n<\/div><div class=\"tb-grid-column\">\n\n<div class=\"wp-block-toolset-views-view-template-block wpv-block-loop-item php-to-be-replaced-with-shortcode\" data-toolset-views-view-template-block=\"d673d7ba92a56cf2c1d7356bbdbddfc8\"><div class=\"wp-block-image\">\n<figure class=\" tb-image tb-image-dynamic tb-image-frame-none aligncenter\" data-toolset-blocks-image=\"131c72b3396835830c15c71f9ebe16ef\"><a href=\"https:\/\/lareiras.gal\/gl\/casa-marcelo\/\"><img decoding=\"async\" width=\"300\" height=\"254\" loading=\"lazy\" src=\"https:\/\/lareiras.gal\/wp-content\/uploads\/2022\/09\/marcelo-b-02-300x254.webp\" alt=\"Patatas puerro\" class=\"wp-image-67702\" srcset=\"https:\/\/lareiras.gal\/wp-content\/uploads\/2022\/09\/marcelo-b-02-300x254.webp 300w, https:\/\/lareiras.gal\/wp-content\/uploads\/2022\/09\/marcelo-b-02.webp 500w\" sizes=\"auto, (max-width: 300px) 100vw, 300px\" \/><\/a><\/figure>\n<\/div>\n\n\n<div class=\"tb-field aligncenter\" data-toolset-blocks-field=\"50009feda73981c50c640908bfd2ae52\" data-last-update=\"1.4\"><a href=\"https:\/\/lareiras.gal\/gl\/casa-marcelo\/\">Casa Marcelo<\/a><\/div>\n<\/div>\n\n<\/div><div class=\"tb-grid-column\">\n\n<div class=\"wp-block-toolset-views-view-template-block wpv-block-loop-item php-to-be-replaced-with-shortcode\" data-toolset-views-view-template-block=\"d673d7ba92a56cf2c1d7356bbdbddfc8\"><div class=\"wp-block-image\">\n<figure class=\" tb-image tb-image-dynamic tb-image-frame-none aligncenter\" data-toolset-blocks-image=\"131c72b3396835830c15c71f9ebe16ef\"><a href=\"https:\/\/lareiras.gal\/gl\/10-anos-de-lareira-net\/\"><img decoding=\"async\" width=\"200\" height=\"280\" loading=\"lazy\" src=\"https:\/\/lareiras.gal\/wp-content\/uploads\/2012\/01\/recetario10.webp\" alt=\"Recetario lareira.net\" class=\"wp-image-67759\"><\/a><\/figure>\n<\/div>\n\n\n<div class=\"tb-field aligncenter\" data-toolset-blocks-field=\"50009feda73981c50c640908bfd2ae52\" data-last-update=\"1.4\"><a href=\"https:\/\/lareiras.gal\/gl\/10-anos-de-lareira-net\/\">10 a\u00f1os de lareira.net<\/a><\/div>\n<\/div>\n\n<\/div><div class=\"tb-grid-column\">\n\n<div class=\"wp-block-toolset-views-view-template-block wpv-block-loop-item php-to-be-replaced-with-shortcode\" data-toolset-views-view-template-block=\"d673d7ba92a56cf2c1d7356bbdbddfc8\"><div class=\"wp-block-image\">\n<figure class=\" tb-image tb-image-dynamic tb-image-frame-none aligncenter\" data-toolset-blocks-image=\"131c72b3396835830c15c71f9ebe16ef\"><a href=\"https:\/\/lareiras.gal\/gl\/50-recetas-con-moras-xesus-fraga-2\/\"><img decoding=\"async\" width=\"300\" height=\"300\" loading=\"lazy\" src=\"https:\/\/lareiras.gal\/wp-content\/uploads\/2022\/09\/50recetas-moras.webp\" alt=\"50 recetas con moras\" class=\"wp-image-67657\" srcset=\"https:\/\/lareiras.gal\/wp-content\/uploads\/2022\/09\/50recetas-moras.webp 300w, https:\/\/lareiras.gal\/wp-content\/uploads\/2022\/09\/50recetas-moras-150x150.webp 150w\" sizes=\"auto, (max-width: 300px) 100vw, 300px\" \/><\/a><\/figure>\n<\/div>\n\n\n<div class=\"tb-field aligncenter\" data-toolset-blocks-field=\"50009feda73981c50c640908bfd2ae52\" data-last-update=\"1.4\"><a href=\"https:\/\/lareiras.gal\/gl\/50-recetas-con-moras-xesus-fraga-2\/\">50 recetas con moras &#8211; Xes\u00fas Fraga<\/a><\/div>\n<\/div>\n\n<\/div><div class=\"tb-grid-column\">\n\n<div class=\"wp-block-toolset-views-view-template-block wpv-block-loop-item php-to-be-replaced-with-shortcode\" data-toolset-views-view-template-block=\"d673d7ba92a56cf2c1d7356bbdbddfc8\"><div class=\"wp-block-image\">\n<figure class=\" tb-image tb-image-dynamic tb-image-frame-none aligncenter\" data-toolset-blocks-image=\"131c72b3396835830c15c71f9ebe16ef\"><a href=\"https:\/\/lareiras.gal\/gl\/el-refugio-oleiros\/\"><img decoding=\"async\" width=\"300\" height=\"191\" loading=\"lazy\" src=\"https:\/\/lareiras.gal\/wp-content\/uploads\/2022\/09\/refugio-300x191.webp\" alt=\"El Refugio - Oleiros\" class=\"wp-image-67741\" srcset=\"https:\/\/lareiras.gal\/wp-content\/uploads\/2022\/09\/refugio-300x191.webp 300w, https:\/\/lareiras.gal\/wp-content\/uploads\/2022\/09\/refugio.webp 400w\" sizes=\"auto, (max-width: 300px) 100vw, 300px\" \/><\/a><\/figure>\n<\/div>\n\n\n<div class=\"tb-field aligncenter\" data-toolset-blocks-field=\"50009feda73981c50c640908bfd2ae52\" data-last-update=\"1.4\"><a href=\"https:\/\/lareiras.gal\/gl\/el-refugio-oleiros\/\">El Refugio (Oleiros)<\/a><\/div>\n<\/div>\n\n<\/div><div class=\"tb-grid-column\">\n\n<div class=\"wp-block-toolset-views-view-template-block wpv-block-loop-item php-to-be-replaced-with-shortcode\" data-toolset-views-view-template-block=\"d673d7ba92a56cf2c1d7356bbdbddfc8\"><div class=\"wp-block-image\">\n<figure class=\" tb-image tb-image-dynamic tb-image-frame-none aligncenter\" data-toolset-blocks-image=\"131c72b3396835830c15c71f9ebe16ef\"><a href=\"https:\/\/lareiras.gal\/gl\/guia-secreta-da-gastronomia-de-galicia-lugo-miguel-vila\/\"><img decoding=\"async\" width=\"300\" height=\"298\" loading=\"lazy\" src=\"https:\/\/lareiras.gal\/wp-content\/uploads\/2022\/09\/libro-005-p.webp\" alt=\"Gu\u00eda secreta da gastronom\u00eda de Galicia ... Lugo\" class=\"wp-image-67696\" srcset=\"https:\/\/lareiras.gal\/wp-content\/uploads\/2022\/09\/libro-005-p.webp 300w, https:\/\/lareiras.gal\/wp-content\/uploads\/2022\/09\/libro-005-p-150x150.webp 150w\" sizes=\"auto, (max-width: 300px) 100vw, 300px\" \/><\/a><\/figure>\n<\/div>\n\n\n<div class=\"tb-field aligncenter\" data-toolset-blocks-field=\"50009feda73981c50c640908bfd2ae52\" data-last-update=\"1.4\"><a href=\"https:\/\/lareiras.gal\/gl\/guia-secreta-da-gastronomia-de-galicia-lugo-miguel-vila\/\">Gu\u00eda secreta da gastronom\u00eda de Galicia &#8230; Lugo &#8211; Miguel Vila<\/a><\/div>\n<\/div>\n\n<\/div><div class=\"tb-grid-column\">\n\n<div class=\"wp-block-toolset-views-view-template-block wpv-block-loop-item php-to-be-replaced-with-shortcode\" data-toolset-views-view-template-block=\"d673d7ba92a56cf2c1d7356bbdbddfc8\"><div class=\"wp-block-image\">\n<figure class=\" tb-image tb-image-dynamic tb-image-frame-none aligncenter\" data-toolset-blocks-image=\"131c72b3396835830c15c71f9ebe16ef\"><a href=\"https:\/\/lareiras.gal\/gl\/menu-degustacion-centro-superior-de-hosteleria-de-galicia\/\"><img decoding=\"async\" width=\"300\" height=\"200\" loading=\"lazy\" src=\"https:\/\/lareiras.gal\/wp-content\/uploads\/2022\/09\/cshg-vieiras-00-300x200-1.webp\" alt=\"Men\u00fa degustaci\u00f3n - Vieiras\" class=\"wp-image-67681\"><\/a><\/figure>\n<\/div>\n\n\n<div class=\"tb-field aligncenter\" data-toolset-blocks-field=\"50009feda73981c50c640908bfd2ae52\" data-last-update=\"1.4\"><a href=\"https:\/\/lareiras.gal\/gl\/menu-degustacion-centro-superior-de-hosteleria-de-galicia\/\">Men\u00fa degustaci\u00f3n &#8211; Centro Superior de Hosteler\u00eda de Galicia<\/a><\/div>\n<\/div>\n\n<\/div><\/div><\/div>\n\n\n<div class=\"wpv-pagination-nav-links\" data-toolset-views-view-pagination-block=\"7422cc6dbeb481c037812288390a6514\"><ul class=\"wpv-pagination-nav-links-container js-wpv-pagination-nav-links-container pagination\"><li class=\"wpv-pagination-nav-links-item js-wpv-pagination-nav-links-item page-item wpv-page-link-67846-1 js-wpv-page-link-67846-1 wpv_page_current wpv-pagination-nav-links-item-current active\"><span class=\"wpv-filter-pagination-link page-link\">1<\/span><\/li><li class=\"wpv-pagination-nav-links-item js-wpv-pagination-nav-links-item page-item wpv-page-link-67846-2 js-wpv-page-link-67846-2\"><a class=\"wpv-filter-pagination-link js-wpv-pagination-link page-link\" title=\"2\" href=\"\/gl\/wp-json\/wp\/v2\/pages\/67855?wpv_view_count=67846&#038;wpv_paged=2\" data-viewnumber=\"67846\" data-page=\"2\">2<\/a><\/li><\/ul><\/div>\n\n<\/div><\/div><form autocomplete=\"off\" name=\"wpv-filter-67846\" action=\"\/gl\/wp-json\/wp\/v2\/pages\/67855?wpv_view_count=67846\" method=\"get\" class=\"wpv-filter-form js-wpv-filter-form js-wpv-filter-form-67846 js-wpv-form-full\" data-viewnumber=\"67846\" data-viewid=\"67846\" data-viewhash=\"eyJuYW1lIjoiYXJ0aWN1bG9zIn0=\" data-viewwidgetid=\"0\" data-orderby=\"\" data-order=\"\" data-orderbyas=\"\" data-orderbysecond=\"\" data-ordersecond=\"\" data-parametric=\"{&quot;query&quot;:&quot;normal&quot;,&quot;id&quot;:67846,&quot;view_id&quot;:67846,&quot;widget_id&quot;:0,&quot;view_hash&quot;:&quot;67846&quot;,&quot;action&quot;:&quot;\\\/gl\\\/wp-json\\\/wp\\\/v2\\\/pages\\\/67855?wpv_view_count=67846&quot;,&quot;sort&quot;:{&quot;orderby&quot;:&quot;&quot;,&quot;order&quot;:&quot;&quot;,&quot;orderby_as&quot;:&quot;&quot;,&quot;orderby_second&quot;:&quot;&quot;,&quot;order_second&quot;:&quot;&quot;},&quot;orderby&quot;:&quot;&quot;,&quot;order&quot;:&quot;&quot;,&quot;orderby_as&quot;:&quot;&quot;,&quot;orderby_second&quot;:&quot;&quot;,&quot;order_second&quot;:&quot;&quot;,&quot;ajax_form&quot;:&quot;&quot;,&quot;ajax_results&quot;:&quot;&quot;,&quot;effect&quot;:&quot;fade&quot;,&quot;prebefore&quot;:&quot;&quot;,&quot;before&quot;:&quot;&quot;,&quot;after&quot;:&quot;&quot;,&quot;attributes&quot;:[],&quot;environment&quot;:{&quot;current_post_id&quot;:67855,&quot;parent_post_id&quot;:67855,&quot;parent_term_id&quot;:0,&quot;parent_user_id&quot;:0,&quot;archive&quot;:{&quot;type&quot;:&quot;&quot;,&quot;name&quot;:&quot;&quot;,&quot;data&quot;:[]}},&quot;loop&quot;:{&quot;type&quot;:&quot;&quot;,&quot;name&quot;:&quot;&quot;,&quot;data&quot;:[],&quot;id&quot;:0}}\" data-attributes=\"[]\" data-environment=\"{&quot;current_post_id&quot;:67855,&quot;parent_post_id&quot;:67855,&quot;parent_term_id&quot;:0,&quot;parent_user_id&quot;:0,&quot;archive&quot;:{&quot;type&quot;:&quot;&quot;,&quot;name&quot;:&quot;&quot;,&quot;data&quot;:[]}}\"><input type=\"hidden\" class=\"js-wpv-dps-filter-data js-wpv-filter-data-for-this-form\" data-action=\"\/gl\/wp-json\/wp\/v2\/pages\/67855?wpv_view_count=67846\" data-page=\"1\" data-ajax=\"disable\" data-effect=\"fade\" data-maxpages=\"2\" data-ajaxprebefore=\"\" data-ajaxbefore=\"\" data-ajaxafter=\"\" \/><input class=\"wpv_view_count wpv_view_count-67846\" type=\"hidden\" name=\"wpv_view_count\" value=\"67846\" \/>\n\n<\/form><\/div><\/div>\n","protected":false},"excerpt":{"rendered":"","protected":false},"author":1,"featured_media":0,"parent":0,"menu_order":0,"comment_status":"closed","ping_status":"closed","template":"","meta":{"wprm-recipe-roundup-name":"","wprm-recipe-roundup-description":"","site-sidebar-layout":"default","site-content-layout":"","ast-site-content-layout":"default","site-content-style":"default","site-sidebar-style":"default","ast-global-header-display":"","ast-banner-title-visibility":"","ast-main-header-display":"","ast-hfb-above-header-display":"","ast-hfb-below-header-display":"","ast-hfb-mobile-header-display":"","site-post-title":"","ast-breadcrumbs-content":"","ast-featured-img":"","footer-sml-layout":"","ast-disable-related-posts":"","theme-transparent-header-meta":"","adv-header-id-meta":"","stick-header-meta":"","header-above-stick-meta":"","header-main-stick-meta":"","header-below-stick-meta":"","astra-migrate-meta-layouts":"default","ast-page-background-enabled":"default","ast-page-background-meta":{"desktop":{"background-color":"var(--ast-global-color-4)","background-image":"","background-repeat":"repeat","background-position":"center center","background-size":"auto","background-attachment":"scroll","background-type":"","background-media":"","overlay-type":"","overlay-color":"","overlay-opacity":"","overlay-gradient":""},"tablet":{"background-color":"","background-image":"","background-repeat":"repeat","background-position":"center center","background-size":"auto","background-attachment":"scroll","background-type":"","background-media":"","overlay-type":"","overlay-color":"","overlay-opacity":"","overlay-gradient":""},"mobile":{"background-color":"","background-image":"","background-repeat":"repeat","background-position":"center center","background-size":"auto","background-attachment":"scroll","background-type":"","background-media":"","overlay-type":"","overlay-color":"","overlay-opacity":"","overlay-gradient":""}},"ast-content-background-meta":{"desktop":{"background-color":"var(--ast-global-color-5)","background-image":"","background-repeat":"repeat","background-position":"center center","background-size":"auto","background-attachment":"scroll","background-type":"","background-media":"","overlay-type":"","overlay-color":"","overlay-opacity":"","overlay-gradient":""},"tablet":{"background-color":"var(--ast-global-color-5)","background-image":"","background-repeat":"repeat","background-position":"center center","background-size":"auto","background-attachment":"scroll","background-type":"","background-media":"","overlay-type":"","overlay-color":"","overlay-opacity":"","overlay-gradient":""},"mobile":{"background-color":"var(--ast-global-color-5)","background-image":"","background-repeat":"repeat","background-position":"center center","background-size":"auto","background-attachment":"scroll","background-type":"","background-media":"","overlay-type":"","overlay-color":"","overlay-opacity":"","overlay-gradient":""}},"footnotes":""},"class_list":["post-67855","page","type-page","status-publish","hentry"],"yoast_head":"<!-- This site is optimized with the Yoast SEO plugin v26.8 - https:\/\/yoast.com\/product\/yoast-seo-wordpress\/ -->\n<title>Artigos | Lareira<\/title>\n<meta name=\"robots\" content=\"index, follow, max-snippet:-1, max-image-preview:large, max-video-preview:-1\" \/>\n<link rel=\"canonical\" href=\"https:\/\/lareiras.gal\/gl\/artigos\/\" \/>\n<meta property=\"og:locale\" content=\"gl_ES\" \/>\n<meta property=\"og:type\" content=\"article\" \/>\n<meta property=\"og:title\" content=\"Artigos | Lareira\" \/>\n<meta property=\"og:url\" content=\"https:\/\/lareiras.gal\/gl\/artigos\/\" \/>\n<meta property=\"og:site_name\" content=\"Lareira\" \/>\n<meta property=\"article:modified_time\" content=\"2022-09-10T03:16:59+00:00\" \/>\n<meta name=\"twitter:card\" content=\"summary_large_image\" \/>\n<script type=\"application\/ld+json\" class=\"yoast-schema-graph\">{\"@context\":\"https:\/\/schema.org\",\"@graph\":[{\"@type\":\"WebPage\",\"@id\":\"https:\/\/lareiras.gal\/gl\/artigos\/\",\"url\":\"https:\/\/lareiras.gal\/gl\/artigos\/\",\"name\":\"Artigos | Lareira\",\"isPartOf\":{\"@id\":\"https:\/\/lareiras.gal\/gl\/#website\"},\"datePublished\":\"2022-09-10T02:53:11+00:00\",\"dateModified\":\"2022-09-10T03:16:59+00:00\",\"breadcrumb\":{\"@id\":\"https:\/\/lareiras.gal\/gl\/artigos\/#breadcrumb\"},\"inLanguage\":\"gl-ES\",\"potentialAction\":[{\"@type\":\"ReadAction\",\"target\":[\"https:\/\/lareiras.gal\/gl\/artigos\/\"]}]},{\"@type\":\"BreadcrumbList\",\"@id\":\"https:\/\/lareiras.gal\/gl\/artigos\/#breadcrumb\",\"itemListElement\":[{\"@type\":\"ListItem\",\"position\":1,\"name\":\"Portada\",\"item\":\"https:\/\/lareiras.gal\/gl\/\"},{\"@type\":\"ListItem\",\"position\":2,\"name\":\"Artigos\"}]},{\"@type\":\"WebSite\",\"@id\":\"https:\/\/lareiras.gal\/gl\/#website\",\"url\":\"https:\/\/lareiras.gal\/gl\/\",\"name\":\"Lareira\",\"description\":\"Coci\u00f1ar en Galicia\",\"publisher\":{\"@id\":\"https:\/\/lareiras.gal\/gl\/#organization\"},\"potentialAction\":[{\"@type\":\"SearchAction\",\"target\":{\"@type\":\"EntryPoint\",\"urlTemplate\":\"https:\/\/lareiras.gal\/gl\/?s={search_term_string}\"},\"query-input\":{\"@type\":\"PropertyValueSpecification\",\"valueRequired\":true,\"valueName\":\"search_term_string\"}}],\"inLanguage\":\"gl-ES\"},{\"@type\":\"Organization\",\"@id\":\"https:\/\/lareiras.gal\/gl\/#organization\",\"name\":\"Lareira\",\"url\":\"https:\/\/lareiras.gal\/gl\/\",\"logo\":{\"@type\":\"ImageObject\",\"inLanguage\":\"gl-ES\",\"@id\":\"https:\/\/lareiras.gal\/gl\/#\/schema\/logo\/image\/\",\"url\":\"https:\/\/lareiras.gal\/wp-content\/uploads\/2022\/09\/logo-con-letra.svg\",\"contentUrl\":\"https:\/\/lareiras.gal\/wp-content\/uploads\/2022\/09\/logo-con-letra.svg\",\"width\":502,\"height\":502,\"caption\":\"Lareira\"},\"image\":{\"@id\":\"https:\/\/lareiras.gal\/gl\/#\/schema\/logo\/image\/\"}}]}<\/script>\n<!-- \/ Yoast SEO plugin. -->","yoast_head_json":{"title":"Artigos | Lareira","robots":{"index":"index","follow":"follow","max-snippet":"max-snippet:-1","max-image-preview":"max-image-preview:large","max-video-preview":"max-video-preview:-1"},"canonical":"https:\/\/lareiras.gal\/gl\/artigos\/","og_locale":"gl_ES","og_type":"article","og_title":"Artigos | Lareira","og_url":"https:\/\/lareiras.gal\/gl\/artigos\/","og_site_name":"Lareira","article_modified_time":"2022-09-10T03:16:59+00:00","twitter_card":"summary_large_image","schema":{"@context":"https:\/\/schema.org","@graph":[{"@type":"WebPage","@id":"https:\/\/lareiras.gal\/gl\/artigos\/","url":"https:\/\/lareiras.gal\/gl\/artigos\/","name":"Artigos | Lareira","isPartOf":{"@id":"https:\/\/lareiras.gal\/gl\/#website"},"datePublished":"2022-09-10T02:53:11+00:00","dateModified":"2022-09-10T03:16:59+00:00","breadcrumb":{"@id":"https:\/\/lareiras.gal\/gl\/artigos\/#breadcrumb"},"inLanguage":"gl-ES","potentialAction":[{"@type":"ReadAction","target":["https:\/\/lareiras.gal\/gl\/artigos\/"]}]},{"@type":"BreadcrumbList","@id":"https:\/\/lareiras.gal\/gl\/artigos\/#breadcrumb","itemListElement":[{"@type":"ListItem","position":1,"name":"Portada","item":"https:\/\/lareiras.gal\/gl\/"},{"@type":"ListItem","position":2,"name":"Artigos"}]},{"@type":"WebSite","@id":"https:\/\/lareiras.gal\/gl\/#website","url":"https:\/\/lareiras.gal\/gl\/","name":"Lareira","description":"Coci\u00f1ar en Galicia","publisher":{"@id":"https:\/\/lareiras.gal\/gl\/#organization"},"potentialAction":[{"@type":"SearchAction","target":{"@type":"EntryPoint","urlTemplate":"https:\/\/lareiras.gal\/gl\/?s={search_term_string}"},"query-input":{"@type":"PropertyValueSpecification","valueRequired":true,"valueName":"search_term_string"}}],"inLanguage":"gl-ES"},{"@type":"Organization","@id":"https:\/\/lareiras.gal\/gl\/#organization","name":"Lareira","url":"https:\/\/lareiras.gal\/gl\/","logo":{"@type":"ImageObject","inLanguage":"gl-ES","@id":"https:\/\/lareiras.gal\/gl\/#\/schema\/logo\/image\/","url":"https:\/\/lareiras.gal\/wp-content\/uploads\/2022\/09\/logo-con-letra.svg","contentUrl":"https:\/\/lareiras.gal\/wp-content\/uploads\/2022\/09\/logo-con-letra.svg","width":502,"height":502,"caption":"Lareira"},"image":{"@id":"https:\/\/lareiras.gal\/gl\/#\/schema\/logo\/image\/"}}]}},"_links":{"self":[{"href":"https:\/\/lareiras.gal\/gl\/wp-json\/wp\/v2\/pages\/67855","targetHints":{"allow":["GET"]}}],"collection":[{"href":"https:\/\/lareiras.gal\/gl\/wp-json\/wp\/v2\/pages"}],"about":[{"href":"https:\/\/lareiras.gal\/gl\/wp-json\/wp\/v2\/types\/page"}],"author":[{"embeddable":true,"href":"https:\/\/lareiras.gal\/gl\/wp-json\/wp\/v2\/users\/1"}],"replies":[{"embeddable":true,"href":"https:\/\/lareiras.gal\/gl\/wp-json\/wp\/v2\/comments?post=67855"}],"version-history":[{"count":0,"href":"https:\/\/lareiras.gal\/gl\/wp-json\/wp\/v2\/pages\/67855\/revisions"}],"wp:attachment":[{"href":"https:\/\/lareiras.gal\/gl\/wp-json\/wp\/v2\/media?parent=67855"}],"curies":[{"name":"wp","href":"https:\/\/api.w.org\/{rel}","templated":true}]}}